{"id":7,"date":"2023-09-07T14:49:25","date_gmt":"2023-09-07T14:49:25","guid":{"rendered":"https:\/\/web4.rkinformatika.net\/gxgplac\/?page_id=7"},"modified":"2023-09-19T15:00:35","modified_gmt":"2023-09-19T15:00:35","slug":"servicios","status":"publish","type":"page","link":"https:\/\/gxgplac.es\/eu\/servicios\/","title":{"rendered":"Zerbitzuak"},"content":{"rendered":"<div data-elementor-type=\"wp-page\" data-elementor-id=\"7\" class=\"elementor elementor-7\">\n\t\t\t\t\t\t<section class=\"elementor-section elementor-top-section elementor-element elementor-element-44fb1581 elementor-section-boxed elementor-section-height-default elementor-section-height-default\" data-id=\"44fb1581\" data-element_type=\"section\" data-e-type=\"section\" data-settings=\"{&quot;background_background&quot;:&quot;classic&quot;}\">\n\t\t\t\t\t\t<div class=\"elementor-container elementor-column-gap-default\">\n\t\t\t\t\t<div class=\"elementor-column elementor-col-100 elementor-top-column elementor-element elementor-element-4ed29e2d\" data-id=\"4ed29e2d\" data-element_type=\"column\" data-e-type=\"column\">\n\t\t\t<div class=\"elementor-widget-wrap elementor-element-populated\">\n\t\t\t\t\t\t<div class=\"elementor-element elementor-element-307e01ed elementor-invisible elementor-widget elementor-widget-heading\" data-id=\"307e01ed\" data-element_type=\"widget\" data-e-type=\"widget\" data-settings=\"{&quot;_animation&quot;:&quot;fadeInDown&quot;}\" data-widget_type=\"heading.default\">\n\t\t\t\t<div class=\"elementor-widget-container\">\n\t\t\t\t\t<h1 class=\"elementor-heading-title elementor-size-default\">Nuestros servicios<\/h1>\t\t\t\t<\/div>\n\t\t\t\t<\/div>\n\t\t\t\t<div class=\"elementor-element elementor-element-3c2ef1a8 elementor-widget__width-initial elementor-widget-mobile__width-inherit elementor-invisible elementor-widget elementor-widget-text-editor\" data-id=\"3c2ef1a8\" data-element_type=\"widget\" data-e-type=\"widget\" data-settings=\"{&quot;_animation&quot;:&quot;fadeInUp&quot;}\" data-widget_type=\"text-editor.default\">\n\t\t\t\t<div class=\"elementor-widget-container\">\n\t\t\t\t\t\t\t\t\t<p>\u00abDa a tu hogar un toque excepcional gracias a nuestros servicios de aislamiento y tabiquer\u00eda seca de primer nivel.\u00bb<\/p>\t\t\t\t\t\t\t\t<\/div>\n\t\t\t\t<\/div>\n\t\t\t\t\t<\/div>\n\t\t<\/div>\n\t\t\t\t\t<\/div>\n\t\t<\/section>\n\t\t\t\t<section class=\"elementor-section elementor-top-section elementor-element elementor-element-59dfd227 elementor-section-boxed elementor-section-height-default elementor-section-height-default\" data-id=\"59dfd227\" data-element_type=\"section\" data-e-type=\"section\">\n\t\t\t\t\t\t\t<div class=\"elementor-background-overlay\"><\/div>\n\t\t\t\t\t\t\t<div class=\"elementor-container elementor-column-gap-default\">\n\t\t\t\t\t<div class=\"elementor-column elementor-col-100 elementor-top-column elementor-element elementor-element-77fdb493\" data-id=\"77fdb493\" data-element_type=\"column\" data-e-type=\"column\">\n\t\t\t<div class=\"elementor-widget-wrap elementor-element-populated\">\n\t\t\t\t\t\t<div class=\"elementor-element elementor-element-5b781d70 elementor-invisible elementor-widget elementor-widget-image\" data-id=\"5b781d70\" data-element_type=\"widget\" data-e-type=\"widget\" data-settings=\"{&quot;_animation&quot;:&quot;fadeInUp&quot;}\" data-widget_type=\"image.default\">\n\t\t\t\t<div class=\"elementor-widget-container\">\n\t\t\t\t\t\t\t\t\t\t\t\t\t\t\t<img fetchpriority=\"high\" decoding=\"async\" width=\"1920\" height=\"860\" src=\"https:\/\/gxgplac.es\/wp-content\/uploads\/2023\/09\/c13.jpg\" class=\"attachment-full size-full wp-image-181\" alt=\"\" srcset=\"https:\/\/gxgplac.es\/wp-content\/uploads\/2023\/09\/c13.jpg 1920w, https:\/\/gxgplac.es\/wp-content\/uploads\/2023\/09\/c13-300x134.jpg 300w, https:\/\/gxgplac.es\/wp-content\/uploads\/2023\/09\/c13-1024x459.jpg 1024w, https:\/\/gxgplac.es\/wp-content\/uploads\/2023\/09\/c13-768x344.jpg 768w, https:\/\/gxgplac.es\/wp-content\/uploads\/2023\/09\/c13-1536x688.jpg 1536w, https:\/\/gxgplac.es\/wp-content\/uploads\/2023\/09\/c13-18x8.jpg 18w\" sizes=\"(max-width: 1920px) 100vw, 1920px\" \/>\t\t\t\t\t\t\t\t\t\t\t\t\t\t\t<\/div>\n\t\t\t\t<\/div>\n\t\t\t\t\t<\/div>\n\t\t<\/div>\n\t\t\t\t\t<\/div>\n\t\t<\/section>\n\t\t\t\t<section class=\"elementor-section elementor-top-section elementor-element elementor-element-dc9237d elementor-section-boxed elementor-section-height-default elementor-section-height-default\" data-id=\"dc9237d\" data-element_type=\"section\" data-e-type=\"section\" data-settings=\"{&quot;background_background&quot;:&quot;classic&quot;}\">\n\t\t\t\t\t\t<div class=\"elementor-container elementor-column-gap-default\">\n\t\t\t\t\t<div class=\"elementor-column elementor-col-100 elementor-top-column elementor-element elementor-element-7227adad\" data-id=\"7227adad\" data-element_type=\"column\" data-e-type=\"column\">\n\t\t\t<div class=\"elementor-widget-wrap elementor-element-populated\">\n\t\t\t\t\t\t<div class=\"elementor-element elementor-element-122a6119 elementor-invisible elementor-widget elementor-widget-heading\" data-id=\"122a6119\" data-element_type=\"widget\" data-e-type=\"widget\" data-settings=\"{&quot;_animation&quot;:&quot;fadeInDown&quot;}\" data-widget_type=\"heading.default\">\n\t\t\t\t<div class=\"elementor-widget-container\">\n\t\t\t\t\t<h2 class=\"elementor-heading-title elementor-size-default\">Con una trayectoria de d\u00e9cadas y un grupo de expertos altamente cualificados<\/h2>\t\t\t\t<\/div>\n\t\t\t\t<\/div>\n\t\t\t\t<section class=\"elementor-section elementor-inner-section elementor-element elementor-element-f4b26ff elementor-section-boxed elementor-section-height-default elementor-section-height-default\" data-id=\"f4b26ff\" data-element_type=\"section\" data-e-type=\"section\">\n\t\t\t\t\t\t<div class=\"elementor-container elementor-column-gap-default\">\n\t\t\t\t\t<div class=\"elementor-column elementor-col-100 elementor-inner-column elementor-element elementor-element-3a9eb254 elementor-invisible\" data-id=\"3a9eb254\" data-element_type=\"column\" data-e-type=\"column\" data-settings=\"{&quot;background_background&quot;:&quot;classic&quot;,&quot;animation&quot;:&quot;fadeInUp&quot;}\">\n\t\t\t<div class=\"elementor-widget-wrap elementor-element-populated\">\n\t\t\t\t\t\t<div class=\"elementor-element elementor-element-be55a0c elementor-position-right elementor-vertical-align-middle elementor-invisible elementor-widget elementor-widget-image-box\" data-id=\"be55a0c\" data-element_type=\"widget\" data-e-type=\"widget\" data-settings=\"{&quot;_animation&quot;:&quot;fadeInUp&quot;}\" data-widget_type=\"image-box.default\">\n\t\t\t\t<div class=\"elementor-widget-container\">\n\t\t\t\t\t<div class=\"elementor-image-box-wrapper\"><figure class=\"elementor-image-box-img\"><a href=\"#\" tabindex=\"-1\"><img decoding=\"async\" width=\"500\" height=\"500\" src=\"https:\/\/gxgplac.es\/wp-content\/uploads\/2023\/09\/c17.jpg\" class=\"attachment-full size-full wp-image-180\" alt=\"\" srcset=\"https:\/\/gxgplac.es\/wp-content\/uploads\/2023\/09\/c17.jpg 500w, https:\/\/gxgplac.es\/wp-content\/uploads\/2023\/09\/c17-300x300.jpg 300w, https:\/\/gxgplac.es\/wp-content\/uploads\/2023\/09\/c17-150x150.jpg 150w, https:\/\/gxgplac.es\/wp-content\/uploads\/2023\/09\/c17-12x12.jpg 12w\" sizes=\"(max-width: 500px) 100vw, 500px\" \/><\/a><\/figure><div class=\"elementor-image-box-content\"><h4 class=\"elementor-image-box-title\"><a href=\"#\">Isolamendu fonikoak eta termikoak<\/a><\/h4><p class=\"elementor-image-box-description\"><b>Isolamendu akustikoaren<\/b> busca reducir la transmisi\u00f3n de sonido entre espacios. Consiste en la aplicaci\u00f3n de materiales y t\u00e9cnicas espec\u00edficas en paredes, techos y suelos para minimizar la propagaci\u00f3n del sonido no deseado. Este proceso contribuye a crear ambientes m\u00e1s tranquilos y confortables, ideales para viviendas, oficinas y lugares donde se busca privacidad y tranquilidad<br><br>\n<b>Isolamendu termikoa<\/b> controla la transferencia de calor para mantener la temperatura deseada en un espacio.Se basa en la instalaci\u00f3n de materiales aislantes en paredes, techos y suelos para evitar la p\u00e9rdida o ganancia de calor, manteniendo as\u00ed un ambiente interior confortable durante todo el a\u00f1o. Este proceso ayuda a reducir el consumo de energ\u00eda al disminuir la necesidad de calefacci\u00f3n en invierno y refrigeraci\u00f3n en verano, lo que se traduce en ahorros significativos en costos energ\u00e9ticos. <\/p><\/div><\/div>\t\t\t\t<\/div>\n\t\t\t\t<\/div>\n\t\t\t\t\t<\/div>\n\t\t<\/div>\n\t\t\t\t\t<\/div>\n\t\t<\/section>\n\t\t\t\t<section class=\"elementor-section elementor-inner-section elementor-element elementor-element-325cd80a elementor-section-boxed elementor-section-height-default elementor-section-height-default\" data-id=\"325cd80a\" data-element_type=\"section\" data-e-type=\"section\">\n\t\t\t\t\t\t<div class=\"elementor-container elementor-column-gap-default\">\n\t\t\t\t\t<div class=\"elementor-column elementor-col-100 elementor-inner-column elementor-element elementor-element-3d6c674b elementor-invisible\" data-id=\"3d6c674b\" data-element_type=\"column\" data-e-type=\"column\" data-settings=\"{&quot;background_background&quot;:&quot;classic&quot;,&quot;animation&quot;:&quot;fadeInUp&quot;}\">\n\t\t\t<div class=\"elementor-widget-wrap elementor-element-populated\">\n\t\t\t\t\t\t<div class=\"elementor-element elementor-element-5b5c502 elementor-position-left elementor-vertical-align-middle elementor-invisible elementor-widget elementor-widget-image-box\" data-id=\"5b5c502\" data-element_type=\"widget\" data-e-type=\"widget\" data-settings=\"{&quot;_animation&quot;:&quot;fadeInUp&quot;}\" data-widget_type=\"image-box.default\">\n\t\t\t\t<div class=\"elementor-widget-container\">\n\t\t\t\t\t<div class=\"elementor-image-box-wrapper\"><figure class=\"elementor-image-box-img\"><a href=\"#\" tabindex=\"-1\"><img decoding=\"async\" width=\"500\" height=\"500\" src=\"https:\/\/gxgplac.es\/wp-content\/uploads\/2023\/09\/c15.jpg\" class=\"attachment-full size-full wp-image-178\" alt=\"\" srcset=\"https:\/\/gxgplac.es\/wp-content\/uploads\/2023\/09\/c15.jpg 500w, https:\/\/gxgplac.es\/wp-content\/uploads\/2023\/09\/c15-300x300.jpg 300w, https:\/\/gxgplac.es\/wp-content\/uploads\/2023\/09\/c15-150x150.jpg 150w, https:\/\/gxgplac.es\/wp-content\/uploads\/2023\/09\/c15-12x12.jpg 12w\" sizes=\"(max-width: 500px) 100vw, 500px\" \/><\/a><\/figure><div class=\"elementor-image-box-content\"><h4 class=\"elementor-image-box-title\"><a href=\"#\">Fatxada aireztatuak eta SATE<\/a><\/h4><p class=\"elementor-image-box-description\"><b>Fatxada aireztatuak<\/b> mejoran la eficiencia energ\u00e9tica y el aspecto est\u00e9tico de los edificios.  Este sistema implica la creaci\u00f3n de un espacio de aire entre la capa exterior de la fachada y la estructura principal del edificio, permitiendo una circulaci\u00f3n de aire continua. Esta ventilaci\u00f3n natural contribuye a regular la temperatura interior, evita la acumulaci\u00f3n de humedad y protege la estructura de la fachada contra los elementos. <br><br>\n<b>SATE<\/b> (Sistema de Aislamiento T\u00e9rmico por el Exterior) proporciona aislamiento t\u00e9rmico y protecci\u00f3n contra la intemperie en las fachadas. Este enfoque mejora significativamente la eficiencia energ\u00e9tica del edificio al reducir la p\u00e9rdida de calor en invierno y la ganancia de calor en verano. Al crear una envolvente t\u00e9rmica continua, el SATE elimina los puentes t\u00e9rmicos y protege la estructura contra el desgaste y la humedad. Este sistema es est\u00e9ticamente vers\u00e1til y puede aumentar el valor de la propiedad, al tiempo que disminuye los costos de energ\u00eda y mejora la comodidad interior, contribuyendo a un ambiente m\u00e1s sostenible y habitable.<\/p><\/div><\/div>\t\t\t\t<\/div>\n\t\t\t\t<\/div>\n\t\t\t\t\t<\/div>\n\t\t<\/div>\n\t\t\t\t\t<\/div>\n\t\t<\/section>\n\t\t\t\t<section class=\"elementor-section elementor-inner-section elementor-element elementor-element-6db8ac2 elementor-section-boxed elementor-section-height-default elementor-section-height-default\" data-id=\"6db8ac2\" data-element_type=\"section\" data-e-type=\"section\">\n\t\t\t\t\t\t<div class=\"elementor-container elementor-column-gap-default\">\n\t\t\t\t\t<div class=\"elementor-column elementor-col-100 elementor-inner-column elementor-element elementor-element-38a5306a elementor-invisible\" data-id=\"38a5306a\" data-element_type=\"column\" data-e-type=\"column\" data-settings=\"{&quot;background_background&quot;:&quot;classic&quot;,&quot;animation&quot;:&quot;fadeInUp&quot;}\">\n\t\t\t<div class=\"elementor-widget-wrap elementor-element-populated\">\n\t\t\t\t\t\t<div class=\"elementor-element elementor-element-def7abb elementor-position-right elementor-vertical-align-middle elementor-invisible elementor-widget elementor-widget-image-box\" data-id=\"def7abb\" data-element_type=\"widget\" data-e-type=\"widget\" data-settings=\"{&quot;_animation&quot;:&quot;fadeInUp&quot;}\" data-widget_type=\"image-box.default\">\n\t\t\t\t<div class=\"elementor-widget-container\">\n\t\t\t\t\t<div class=\"elementor-image-box-wrapper\"><figure class=\"elementor-image-box-img\"><a href=\"#\" tabindex=\"-1\"><img loading=\"lazy\" decoding=\"async\" width=\"500\" height=\"500\" src=\"https:\/\/gxgplac.es\/wp-content\/uploads\/2023\/09\/c9.jpg\" class=\"attachment-full size-full wp-image-103\" alt=\"\" srcset=\"https:\/\/gxgplac.es\/wp-content\/uploads\/2023\/09\/c9.jpg 500w, https:\/\/gxgplac.es\/wp-content\/uploads\/2023\/09\/c9-300x300.jpg 300w, https:\/\/gxgplac.es\/wp-content\/uploads\/2023\/09\/c9-150x150.jpg 150w, https:\/\/gxgplac.es\/wp-content\/uploads\/2023\/09\/c9-12x12.jpg 12w\" sizes=\"(max-width: 500px) 100vw, 500px\" \/><\/a><\/figure><div class=\"elementor-image-box-content\"><h4 class=\"elementor-image-box-title\"><a href=\"#\">Dekorazioak eta trenkada lehorrak<\/a><\/h4><p class=\"elementor-image-box-description\"><b>Dekorazioak<\/b> buscan embellecer y personalizar un espacio. Desde revestimientos de paredes y techos hasta pisos, cortinas y mobiliario, la decoraci\u00f3n puede mejorar la eficiencia t\u00e9rmica y ac\u00fastica al tiempo que crea ambientes atractivos y confortables. La elecci\u00f3n de colores, texturas y materiales juega un papel clave en la creaci\u00f3n de espacios agradables y funcionales, equilibrando la est\u00e9tica con la comodidad y la eficiencia energ\u00e9tica.\n<br><br><b>Trenkadak<\/b> secas son sistemas de construcci\u00f3n ligeros que utilizan paneles prefabricados para dividir espacios de manera eficiente. Esta t\u00e9cnica permite la r\u00e1pida instalaci\u00f3n de divisiones interiores y revestimientos de techos y paredes, proporcionando una gran flexibilidad en el dise\u00f1o de espacios. Adem\u00e1s de su facilidad y rapidez de instalaci\u00f3n, las tabiquer\u00edas secas contribuyen al aislamiento ac\u00fastico y t\u00e9rmico de los ambientes, mejorando la eficiencia energ\u00e9tica y el confort interior.<\/p><\/div><\/div>\t\t\t\t<\/div>\n\t\t\t\t<\/div>\n\t\t\t\t\t<\/div>\n\t\t<\/div>\n\t\t\t\t\t<\/div>\n\t\t<\/section>\n\t\t\t\t\t<\/div>\n\t\t<\/div>\n\t\t\t\t\t<\/div>\n\t\t<\/section>\n\t\t\t\t<\/div>","protected":false},"excerpt":{"rendered":"<p>Nuestros servicios \u00abDa a tu hogar un toque excepcional gracias a nuestros servicios de aislamiento y tabiquer\u00eda seca de primer nivel.\u00bb Con una trayectoria de d\u00e9cadas y un grupo de expertos altamente cualificados Aislamientos f\u00f3nicos y t\u00e9rmicos El aislamiento ac\u00fastico busca reducir la transmisi\u00f3n de sonido entre espacios. Consiste en la aplicaci\u00f3n de materiales y [&hellip;]<\/p>\n","protected":false},"author":1,"featured_media":28,"parent":0,"menu_order":0,"comment_status":"closed","ping_status":"closed","template":"elementor_canvas","meta":{"footnotes":""},"class_list":["post-7","page","type-page","status-publish","has-post-thumbnail","hentry"],"yoast_head":"<!-- This site is optimized with the Yoast SEO plugin v27.3 - https:\/\/yoast.com\/product\/yoast-seo-wordpress\/ -->\n<title>Servicios - gxgplac<\/title>\n<meta name=\"robots\" content=\"index, follow, max-snippet:-1, max-image-preview:large, max-video-preview:-1\" \/>\n<link rel=\"canonical\" href=\"https:\/\/gxgplac.es\/eu\/servicios\/\" \/>\n<meta property=\"og:locale\" content=\"en_US\" \/>\n<meta property=\"og:type\" content=\"article\" \/>\n<meta property=\"og:title\" content=\"Servicios - gxgplac\" \/>\n<meta property=\"og:description\" content=\"Nuestros servicios \u00abDa a tu hogar un toque excepcional gracias a nuestros servicios de aislamiento y tabiquer\u00eda seca de primer nivel.\u00bb Con una trayectoria de d\u00e9cadas y un grupo de expertos altamente cualificados Aislamientos f\u00f3nicos y t\u00e9rmicos El aislamiento ac\u00fastico busca reducir la transmisi\u00f3n de sonido entre espacios. Consiste en la aplicaci\u00f3n de materiales y [&hellip;]\" \/>\n<meta property=\"og:url\" content=\"https:\/\/gxgplac.es\/eu\/servicios\/\" \/>\n<meta property=\"og:site_name\" content=\"gxgplac\" \/>\n<meta property=\"article:modified_time\" content=\"2023-09-19T15:00:35+00:00\" \/>\n<meta property=\"og:image\" content=\"https:\/\/gxgplac.es\/wp-content\/uploads\/2023\/09\/Sin-titulo-1_Mesa-de-trabajo-1-4.png\" \/>\n\t<meta property=\"og:image:width\" content=\"1920\" \/>\n\t<meta property=\"og:image:height\" content=\"802\" \/>\n\t<meta property=\"og:image:type\" content=\"image\/png\" \/>\n<meta name=\"twitter:card\" content=\"summary_large_image\" \/>\n<meta name=\"twitter:label1\" content=\"Est. reading time\" \/>\n\t<meta name=\"twitter:data1\" content=\"3 minutua\" \/>\n<script type=\"application\/ld+json\" class=\"yoast-schema-graph\">{\"@context\":\"https:\\\/\\\/schema.org\",\"@graph\":[{\"@type\":\"WebPage\",\"@id\":\"https:\\\/\\\/gxgplac.es\\\/servicios\\\/\",\"url\":\"https:\\\/\\\/gxgplac.es\\\/servicios\\\/\",\"name\":\"Servicios - gxgplac\",\"isPartOf\":{\"@id\":\"https:\\\/\\\/gxgplac.es\\\/#website\"},\"primaryImageOfPage\":{\"@id\":\"https:\\\/\\\/gxgplac.es\\\/servicios\\\/#primaryimage\"},\"image\":{\"@id\":\"https:\\\/\\\/gxgplac.es\\\/servicios\\\/#primaryimage\"},\"thumbnailUrl\":\"https:\\\/\\\/gxgplac.es\\\/wp-content\\\/uploads\\\/2023\\\/09\\\/Sin-titulo-1_Mesa-de-trabajo-1-4.png\",\"datePublished\":\"2023-09-07T14:49:25+00:00\",\"dateModified\":\"2023-09-19T15:00:35+00:00\",\"breadcrumb\":{\"@id\":\"https:\\\/\\\/gxgplac.es\\\/servicios\\\/#breadcrumb\"},\"inLanguage\":\"eu\",\"potentialAction\":[{\"@type\":\"ReadAction\",\"target\":[\"https:\\\/\\\/gxgplac.es\\\/servicios\\\/\"]}]},{\"@type\":\"ImageObject\",\"inLanguage\":\"eu\",\"@id\":\"https:\\\/\\\/gxgplac.es\\\/servicios\\\/#primaryimage\",\"url\":\"https:\\\/\\\/gxgplac.es\\\/wp-content\\\/uploads\\\/2023\\\/09\\\/Sin-titulo-1_Mesa-de-trabajo-1-4.png\",\"contentUrl\":\"https:\\\/\\\/gxgplac.es\\\/wp-content\\\/uploads\\\/2023\\\/09\\\/Sin-titulo-1_Mesa-de-trabajo-1-4.png\",\"width\":1920,\"height\":802},{\"@type\":\"BreadcrumbList\",\"@id\":\"https:\\\/\\\/gxgplac.es\\\/servicios\\\/#breadcrumb\",\"itemListElement\":[{\"@type\":\"ListItem\",\"position\":1,\"name\":\"Portada\",\"item\":\"https:\\\/\\\/gxgplac.es\\\/\"},{\"@type\":\"ListItem\",\"position\":2,\"name\":\"Servicios\"}]},{\"@type\":\"WebSite\",\"@id\":\"https:\\\/\\\/gxgplac.es\\\/#website\",\"url\":\"https:\\\/\\\/gxgplac.es\\\/\",\"name\":\"gxgplac\",\"description\":\"\",\"potentialAction\":[{\"@type\":\"SearchAction\",\"target\":{\"@type\":\"EntryPoint\",\"urlTemplate\":\"https:\\\/\\\/gxgplac.es\\\/?s={search_term_string}\"},\"query-input\":{\"@type\":\"PropertyValueSpecification\",\"valueRequired\":true,\"valueName\":\"search_term_string\"}}],\"inLanguage\":\"eu\"}]}<\/script>\n<!-- \/ Yoast SEO plugin. -->","yoast_head_json":{"title":"Servicios - gxgplac","robots":{"index":"index","follow":"follow","max-snippet":"max-snippet:-1","max-image-preview":"max-image-preview:large","max-video-preview":"max-video-preview:-1"},"canonical":"https:\/\/gxgplac.es\/eu\/servicios\/","og_locale":"en_US","og_type":"article","og_title":"Servicios - gxgplac","og_description":"Nuestros servicios \u00abDa a tu hogar un toque excepcional gracias a nuestros servicios de aislamiento y tabiquer\u00eda seca de primer nivel.\u00bb Con una trayectoria de d\u00e9cadas y un grupo de expertos altamente cualificados Aislamientos f\u00f3nicos y t\u00e9rmicos El aislamiento ac\u00fastico busca reducir la transmisi\u00f3n de sonido entre espacios. Consiste en la aplicaci\u00f3n de materiales y [&hellip;]","og_url":"https:\/\/gxgplac.es\/eu\/servicios\/","og_site_name":"gxgplac","article_modified_time":"2023-09-19T15:00:35+00:00","og_image":[{"width":1920,"height":802,"url":"https:\/\/gxgplac.es\/wp-content\/uploads\/2023\/09\/Sin-titulo-1_Mesa-de-trabajo-1-4.png","type":"image\/png"}],"twitter_card":"summary_large_image","twitter_misc":{"Est. reading time":"3 minutua"},"schema":{"@context":"https:\/\/schema.org","@graph":[{"@type":"WebPage","@id":"https:\/\/gxgplac.es\/servicios\/","url":"https:\/\/gxgplac.es\/servicios\/","name":"Servicios - gxgplac","isPartOf":{"@id":"https:\/\/gxgplac.es\/#website"},"primaryImageOfPage":{"@id":"https:\/\/gxgplac.es\/servicios\/#primaryimage"},"image":{"@id":"https:\/\/gxgplac.es\/servicios\/#primaryimage"},"thumbnailUrl":"https:\/\/gxgplac.es\/wp-content\/uploads\/2023\/09\/Sin-titulo-1_Mesa-de-trabajo-1-4.png","datePublished":"2023-09-07T14:49:25+00:00","dateModified":"2023-09-19T15:00:35+00:00","breadcrumb":{"@id":"https:\/\/gxgplac.es\/servicios\/#breadcrumb"},"inLanguage":"eu","potentialAction":[{"@type":"ReadAction","target":["https:\/\/gxgplac.es\/servicios\/"]}]},{"@type":"ImageObject","inLanguage":"eu","@id":"https:\/\/gxgplac.es\/servicios\/#primaryimage","url":"https:\/\/gxgplac.es\/wp-content\/uploads\/2023\/09\/Sin-titulo-1_Mesa-de-trabajo-1-4.png","contentUrl":"https:\/\/gxgplac.es\/wp-content\/uploads\/2023\/09\/Sin-titulo-1_Mesa-de-trabajo-1-4.png","width":1920,"height":802},{"@type":"BreadcrumbList","@id":"https:\/\/gxgplac.es\/servicios\/#breadcrumb","itemListElement":[{"@type":"ListItem","position":1,"name":"Portada","item":"https:\/\/gxgplac.es\/"},{"@type":"ListItem","position":2,"name":"Servicios"}]},{"@type":"WebSite","@id":"https:\/\/gxgplac.es\/#website","url":"https:\/\/gxgplac.es\/","name":"gxgplac","description":"","potentialAction":[{"@type":"SearchAction","target":{"@type":"EntryPoint","urlTemplate":"https:\/\/gxgplac.es\/?s={search_term_string}"},"query-input":{"@type":"PropertyValueSpecification","valueRequired":true,"valueName":"search_term_string"}}],"inLanguage":"eu"}]}},"_links":{"self":[{"href":"https:\/\/gxgplac.es\/eu\/wp-json\/wp\/v2\/pages\/7","targetHints":{"allow":["GET"]}}],"collection":[{"href":"https:\/\/gxgplac.es\/eu\/wp-json\/wp\/v2\/pages"}],"about":[{"href":"https:\/\/gxgplac.es\/eu\/wp-json\/wp\/v2\/types\/page"}],"author":[{"embeddable":true,"href":"https:\/\/gxgplac.es\/eu\/wp-json\/wp\/v2\/users\/1"}],"replies":[{"embeddable":true,"href":"https:\/\/gxgplac.es\/eu\/wp-json\/wp\/v2\/comments?post=7"}],"version-history":[{"count":50,"href":"https:\/\/gxgplac.es\/eu\/wp-json\/wp\/v2\/pages\/7\/revisions"}],"predecessor-version":[{"id":422,"href":"https:\/\/gxgplac.es\/eu\/wp-json\/wp\/v2\/pages\/7\/revisions\/422"}],"wp:featuredmedia":[{"embeddable":true,"href":"https:\/\/gxgplac.es\/eu\/wp-json\/wp\/v2\/media\/28"}],"wp:attachment":[{"href":"https:\/\/gxgplac.es\/eu\/wp-json\/wp\/v2\/media?parent=7"}],"curies":[{"name":"wp","href":"https:\/\/api.w.org\/{rel}","templated":true}]}}